{"id":6,"date":"2014-07-14T15:47:19","date_gmt":"2014-07-14T15:47:19","guid":{"rendered":"http:\/\/cryptoag.ch\/?page_id=6"},"modified":"2014-07-14T16:21:38","modified_gmt":"2014-07-14T16:21:38","slug":"uber-uns","status":"publish","type":"page","link":"https:\/\/cryptoag.ch\/?page_id=6","title":{"rendered":"\u00dcber uns"},"content":{"rendered":"<p>Die <strong>Cryptoparty Aargau<\/strong> ist eine Initiative der <a href=\"http:\/\/www.piraten-aargau.ch\" target=\"_blank\">Piratenpartei Aargau<\/a>. Unser erkl\u00e4rtes Ziel ist es, den Menschen Mittel in die Hand zu geben, mit denen sie die Hoheit \u00fcber ihre eigenen Daten zur\u00fcckgewinnen k\u00f6nnen. Dabei wollen wir aufzeigen, dass viele Dinge weit weniger kompliziert sind, als sie den Anschein machen. Mails und Daten verschl\u00fcsseln geht n\u00e4mlich ganz einfach.<br \/>\nFolgende Themen packen wir an:<\/p>\n<ul>\n<li>Mails verschl\u00fcsseln<\/li>\n<li>Daten verschl\u00fcsseln<\/li>\n<li>Verschl\u00fcsselt chatten<\/li>\n<li><em>Verschl\u00fcsselt telefonieren<\/em><\/li>\n<li>Sichere Passw\u00f6rter ausw\u00e4hlen, verwalten und regelm\u00e4ssig \u00e4ndern<\/li>\n<li>Anonym surfen<\/li>\n<li>\u2026<\/li>\n<\/ul>\n<p>&nbsp;<\/p>\n<p>Kontakt: <a href=\"https:\/\/twitter.com\/cryptoag\" target=\"_blank\">@cryptoag<\/a> oder via <a href=\"https:\/\/bitmessage.org\/wiki\/Main_Page\" target=\"_blank\">BitMessage<\/a>: BM-NB8qiHzUWQD6G8kJ7YsQ4bpknoiT97tm<\/p>\n","protected":false},"excerpt":{"rendered":"<p>Die Cryptoparty Aargau ist eine Initiative der Piratenpartei Aargau. Unser erkl\u00e4rtes Ziel ist es, den Menschen Mittel in die Hand zu geben, mit denen sie die Hoheit \u00fcber ihre eigenen Daten zur\u00fcckgewinnen k\u00f6nnen. Dabei wollen wir aufzeigen, dass viele Dinge weit weniger kompliziert sind, als sie den Anschein machen. Mails und Daten verschl\u00fcsseln geht n\u00e4mlich [&hellip;]<\/p>\n","protected":false},"author":1,"featured_media":0,"parent":0,"menu_order":0,"comment_status":"closed","ping_status":"closed","template":"","meta":{"footnotes":""},"class_list":["post-6","page","type-page","status-publish","hentry"],"_links":{"self":[{"href":"https:\/\/cryptoag.ch\/index.php?rest_route=\/wp\/v2\/pages\/6","targetHints":{"allow":["GET"]}}],"collection":[{"href":"https:\/\/cryptoag.ch\/index.php?rest_route=\/wp\/v2\/pages"}],"about":[{"href":"https:\/\/cryptoag.ch\/index.php?rest_route=\/wp\/v2\/types\/page"}],"author":[{"embeddable":true,"href":"https:\/\/cryptoag.ch\/index.php?rest_route=\/wp\/v2\/users\/1"}],"replies":[{"embeddable":true,"href":"https:\/\/cryptoag.ch\/index.php?rest_route=%2Fwp%2Fv2%2Fcomments&post=6"}],"version-history":[{"count":1,"href":"https:\/\/cryptoag.ch\/index.php?rest_route=\/wp\/v2\/pages\/6\/revisions"}],"predecessor-version":[{"id":7,"href":"https:\/\/cryptoag.ch\/index.php?rest_route=\/wp\/v2\/pages\/6\/revisions\/7"}],"wp:attachment":[{"href":"https:\/\/cryptoag.ch\/index.php?rest_route=%2Fwp%2Fv2%2Fmedia&parent=6"}],"curies":[{"name":"wp","href":"https:\/\/api.w.org\/{rel}","templated":true}]}}