{"id":24,"date":"2014-07-14T16:05:28","date_gmt":"2014-07-14T16:05:28","guid":{"rendered":"http:\/\/cryptoag.ch\/?page_id=24"},"modified":"2014-11-28T18:36:01","modified_gmt":"2014-11-28T18:36:01","slug":"prasentationen","status":"publish","type":"page","link":"https:\/\/cryptoag.ch\/?page_id=24","title":{"rendered":"Pr\u00e4sentationen"},"content":{"rendered":"<p><a href=\"https:\/\/cryptoag.ch\/wp-content\/uploads\/2014\/11\/2014-05-xx-Digitale_Selbstverteidigung_CryptoParty-PGP_Email_V_2.0.odp\">Pr\u00e4sentation<\/a> der 2. Cryptoparty vom 28.11.2014<\/p>\n<hr \/>\n<p>&nbsp;<\/p>\n<p>Pr\u00e4sentation anl\u00e4sslich der Jugendmedientag 2014<\/p>\n<ul>\n<li><a title=\"Verschl\u00fcsselte Kommunikation f\u00fcr Journalisten\" href=\"https:\/\/cryptoag.ch\/?p=40\">Verschl\u00fcsselt kommunizieren f\u00fcr Journalisten<\/a><\/li>\n<\/ul>\n<hr \/>\n<p>Pr\u00e4sentationen von der 1. CryptoParty vom 27. Juni 2014<\/p>\n<ul>\n<li><a title=\"Pr\u00e4sentation \u00abGefahren im Internet\u00bb\" href=\"http:\/\/cryptoag.ch\/?p=19\">Gefahren im Internet<\/a><\/li>\n<li><a title=\"Pr\u00e4sentation \u00abSichere Passw\u00f6rter\u00bb\" href=\"http:\/\/cryptoag.ch\/?p=13\">Sichere Passw\u00f6rter<\/a><\/li>\n<li><a title=\"Pr\u00e4sentation \u00abE-Mails verschl\u00fcsseln mit GPG\u00bb\" href=\"http:\/\/cryptoag.ch\/?p=17\">E-Mail verschl\u00fcsseln mit GPG<\/a><\/li>\n<li><a title=\"Pr\u00e4sentation \u00abanonym surfen mit TOR\u00bb\" href=\"http:\/\/cryptoag.ch\/?p=21\">Anonym surfen mit TOR<\/a><\/li>\n<\/ul>\n<p>&nbsp;<\/p>\n","protected":false},"excerpt":{"rendered":"<p>Pr\u00e4sentation der 2. Cryptoparty vom 28.11.2014 &nbsp; Pr\u00e4sentation anl\u00e4sslich der Jugendmedientag 2014 Verschl\u00fcsselt kommunizieren f\u00fcr Journalisten Pr\u00e4sentationen von der 1. CryptoParty vom 27. Juni 2014 Gefahren im Internet Sichere Passw\u00f6rter E-Mail verschl\u00fcsseln mit GPG Anonym surfen mit TOR &nbsp;<\/p>\n","protected":false},"author":1,"featured_media":0,"parent":0,"menu_order":0,"comment_status":"closed","ping_status":"closed","template":"","meta":{"footnotes":""},"class_list":["post-24","page","type-page","status-publish","hentry"],"_links":{"self":[{"href":"https:\/\/cryptoag.ch\/index.php?rest_route=\/wp\/v2\/pages\/24","targetHints":{"allow":["GET"]}}],"collection":[{"href":"https:\/\/cryptoag.ch\/index.php?rest_route=\/wp\/v2\/pages"}],"about":[{"href":"https:\/\/cryptoag.ch\/index.php?rest_route=\/wp\/v2\/types\/page"}],"author":[{"embeddable":true,"href":"https:\/\/cryptoag.ch\/index.php?rest_route=\/wp\/v2\/users\/1"}],"replies":[{"embeddable":true,"href":"https:\/\/cryptoag.ch\/index.php?rest_route=%2Fwp%2Fv2%2Fcomments&post=24"}],"version-history":[{"count":5,"href":"https:\/\/cryptoag.ch\/index.php?rest_route=\/wp\/v2\/pages\/24\/revisions"}],"predecessor-version":[{"id":54,"href":"https:\/\/cryptoag.ch\/index.php?rest_route=\/wp\/v2\/pages\/24\/revisions\/54"}],"wp:attachment":[{"href":"https:\/\/cryptoag.ch\/index.php?rest_route=%2Fwp%2Fv2%2Fmedia&parent=24"}],"curies":[{"name":"wp","href":"https:\/\/api.w.org\/{rel}","templated":true}]}}